{"id":480,"date":"2025-03-10T22:53:05","date_gmt":"2025-03-11T01:53:05","guid":{"rendered":"https:\/\/pixelcomputadores.com.br\/?page_id=480"},"modified":"2025-03-10T23:31:19","modified_gmt":"2025-03-11T02:31:19","slug":"termos-de-uso","status":"publish","type":"page","link":"https:\/\/pixelcomputadores.com.br\/?page_id=480","title":{"rendered":"Termos de uso"},"content":{"rendered":"\t\t<div data-elementor-type=\"wp-page\" data-elementor-id=\"480\" class=\"elementor elementor-480\" data-elementor-post-type=\"page\">\n\t\t\t\t<div class=\"elementor-element elementor-element-798fada elementor-hidden-mobile e-flex e-con-boxed e-con e-parent\" data-id=\"798fada\" data-element_type=\"container\">\n\t\t\t\t\t<div class=\"e-con-inner\">\n\t\t<div class=\"elementor-element elementor-element-1107158 e-con-full e-flex e-con e-child\" data-id=\"1107158\" data-element_type=\"container\">\n\t\t\t\t<div class=\"elementor-element elementor-element-3abd7ca elementor-widget elementor-widget-text-editor\" data-id=\"3abd7ca\" data-element_type=\"widget\" data-widget_type=\"text-editor.default\">\n\t\t\t\t<div class=\"elementor-widget-container\">\n\t\t\t\t\t\t\t\t\t<p>(51) 3227.1707<\/p>\t\t\t\t\t\t\t\t<\/div>\n\t\t\t\t<\/div>\n\t\t\t\t<\/div>\n\t\t<div class=\"elementor-element elementor-element-dd4f55e e-con-full e-flex e-con e-child\" data-id=\"dd4f55e\" data-element_type=\"container\">\n\t\t\t\t<div class=\"elementor-element elementor-element-eea9881 elementor-widget elementor-widget-text-editor\" data-id=\"eea9881\" data-element_type=\"widget\" data-widget_type=\"text-editor.default\">\n\t\t\t\t<div class=\"elementor-widget-container\">\n\t\t\t\t\t\t\t\t\t<p>Av. Independ\u00eancia, 827 &#8211; Independ\u00eancia, Porto Alegre<\/p>\t\t\t\t\t\t\t\t<\/div>\n\t\t\t\t<\/div>\n\t\t\t\t<\/div>\n\t\t<div class=\"elementor-element elementor-element-9fab035 e-con-full e-flex e-con e-child\" data-id=\"9fab035\" data-element_type=\"container\">\n\t\t\t\t<\/div>\n\t\t<div class=\"elementor-element elementor-element-dc047d5 e-con-full e-flex e-con e-child\" data-id=\"dc047d5\" data-element_type=\"container\">\n\t\t\t\t<div class=\"elementor-element elementor-element-ccc2211 elementor-shape-rounded elementor-grid-0 e-grid-align-center elementor-widget elementor-widget-social-icons\" data-id=\"ccc2211\" data-element_type=\"widget\" data-widget_type=\"social-icons.default\">\n\t\t\t\t<div class=\"elementor-widget-container\">\n\t\t\t\t\t\t\t<div class=\"elementor-social-icons-wrapper elementor-grid\">\n\t\t\t\t\t\t\t<span class=\"elementor-grid-item\">\n\t\t\t\t\t<a class=\"elementor-icon elementor-social-icon elementor-social-icon-facebook elementor-repeater-item-da1159e\" target=\"_blank\">\n\t\t\t\t\t\t<span class=\"elementor-screen-only\">Facebook<\/span>\n\t\t\t\t\t\t<svg class=\"e-font-icon-svg e-fab-facebook\" viewBox=\"0 0 512 512\" xmlns=\"http:\/\/www.w3.org\/2000\/svg\"><path d=\"M504 256C504 119 393 8 256 8S8 119 8 256c0 123.78 90.69 226.38 209.25 245V327.69h-63V256h63v-54.64c0-62.15 37-96.48 93.67-96.48 27.14 0 55.52 4.84 55.52 4.84v61h-31.28c-30.8 0-40.41 19.12-40.41 38.73V256h68.78l-11 71.69h-57.78V501C413.31 482.38 504 379.78 504 256z\"><\/path><\/svg>\t\t\t\t\t<\/a>\n\t\t\t\t<\/span>\n\t\t\t\t\t\t\t<span class=\"elementor-grid-item\">\n\t\t\t\t\t<a class=\"elementor-icon elementor-social-icon elementor-social-icon-instagram elementor-repeater-item-6b83219\" target=\"_blank\">\n\t\t\t\t\t\t<span class=\"elementor-screen-only\">Instagram<\/span>\n\t\t\t\t\t\t<svg class=\"e-font-icon-svg e-fab-instagram\" viewBox=\"0 0 448 512\" xmlns=\"http:\/\/www.w3.org\/2000\/svg\"><path d=\"M224.1 141c-63.6 0-114.9 51.3-114.9 114.9s51.3 114.9 114.9 114.9S339 319.5 339 255.9 287.7 141 224.1 141zm0 189.6c-41.1 0-74.7-33.5-74.7-74.7s33.5-74.7 74.7-74.7 74.7 33.5 74.7 74.7-33.6 74.7-74.7 74.7zm146.4-194.3c0 14.9-12 26.8-26.8 26.8-14.9 0-26.8-12-26.8-26.8s12-26.8 26.8-26.8 26.8 12 26.8 26.8zm76.1 27.2c-1.7-35.9-9.9-67.7-36.2-93.9-26.2-26.2-58-34.4-93.9-36.2-37-2.1-147.9-2.1-184.9 0-35.8 1.7-67.6 9.9-93.9 36.1s-34.4 58-36.2 93.9c-2.1 37-2.1 147.9 0 184.9 1.7 35.9 9.9 67.7 36.2 93.9s58 34.4 93.9 36.2c37 2.1 147.9 2.1 184.9 0 35.9-1.7 67.7-9.9 93.9-36.2 26.2-26.2 34.4-58 36.2-93.9 2.1-37 2.1-147.8 0-184.8zM398.8 388c-7.8 19.6-22.9 34.7-42.6 42.6-29.5 11.7-99.5 9-132.1 9s-102.7 2.6-132.1-9c-19.6-7.8-34.7-22.9-42.6-42.6-11.7-29.5-9-99.5-9-132.1s-2.6-102.7 9-132.1c7.8-19.6 22.9-34.7 42.6-42.6 29.5-11.7 99.5-9 132.1-9s102.7-2.6 132.1 9c19.6 7.8 34.7 22.9 42.6 42.6 11.7 29.5 9 99.5 9 132.1s2.7 102.7-9 132.1z\"><\/path><\/svg>\t\t\t\t\t<\/a>\n\t\t\t\t<\/span>\n\t\t\t\t\t<\/div>\n\t\t\t\t\t\t<\/div>\n\t\t\t\t<\/div>\n\t\t\t\t<\/div>\n\t\t\t\t\t<\/div>\n\t\t\t\t<\/div>\n\t\t<div class=\"elementor-element elementor-element-f0360e7 e-flex e-con-boxed e-con e-parent\" data-id=\"f0360e7\" data-element_type=\"container\" data-settings=\"{&quot;background_background&quot;:&quot;classic&quot;}\">\n\t\t\t\t\t<div class=\"e-con-inner\">\n\t\t<div class=\"elementor-element elementor-element-947a7d0 e-con-full e-flex e-con e-child\" data-id=\"947a7d0\" data-element_type=\"container\">\n\t\t\t\t<div class=\"elementor-element elementor-element-d081e96 elementor-widget elementor-widget-image\" data-id=\"d081e96\" data-element_type=\"widget\" data-widget_type=\"image.default\">\n\t\t\t\t<div class=\"elementor-widget-container\">\n\t\t\t\t\t\t\t\t\t\t\t\t\t\t\t<img fetchpriority=\"high\" decoding=\"async\" width=\"800\" height=\"179\" src=\"https:\/\/pixelcomputadores.com.br\/wp-content\/uploads\/2024\/12\/Logo-Pagina-Inicial.png\" class=\"attachment-large size-large wp-image-247\" alt=\"\" srcset=\"https:\/\/pixelcomputadores.com.br\/wp-content\/uploads\/2024\/12\/Logo-Pagina-Inicial.png 999w, https:\/\/pixelcomputadores.com.br\/wp-content\/uploads\/2024\/12\/Logo-Pagina-Inicial-300x67.png 300w, https:\/\/pixelcomputadores.com.br\/wp-content\/uploads\/2024\/12\/Logo-Pagina-Inicial-768x172.png 768w, https:\/\/pixelcomputadores.com.br\/wp-content\/uploads\/2024\/12\/Logo-Pagina-Inicial-600x135.png 600w\" sizes=\"(max-width: 800px) 100vw, 800px\" \/>\t\t\t\t\t\t\t\t\t\t\t\t\t\t\t<\/div>\n\t\t\t\t<\/div>\n\t\t\t\t<\/div>\n\t\t<div class=\"elementor-element elementor-element-4de2561 e-con-full e-flex e-con e-child\" data-id=\"4de2561\" data-element_type=\"container\">\n\t\t\t\t<div class=\"elementor-element elementor-element-2412457 elementor-widget elementor-widget-ekit-nav-menu\" data-id=\"2412457\" data-element_type=\"widget\" data-widget_type=\"ekit-nav-menu.default\">\n\t\t\t\t<div class=\"elementor-widget-container\">\n\t\t\t\t\t\t\t<nav class=\"ekit-wid-con ekit_menu_responsive_tablet\" \n\t\t\tdata-hamburger-icon=\"\" \n\t\t\tdata-hamburger-icon-type=\"icon\" \n\t\t\tdata-responsive-breakpoint=\"1024\">\n\t\t\t            <button class=\"elementskit-menu-hamburger elementskit-menu-toggler\"  type=\"button\" aria-label=\"hamburger-icon\">\n                                    <span class=\"elementskit-menu-hamburger-icon\"><\/span><span class=\"elementskit-menu-hamburger-icon\"><\/span><span class=\"elementskit-menu-hamburger-icon\"><\/span>\n                            <\/button>\n            <div id=\"ekit-megamenu-menu-principal\" class=\"elementskit-menu-container elementskit-menu-offcanvas-elements elementskit-navbar-nav-default ekit-nav-menu-one-page-no ekit-nav-dropdown-hover\"><ul id=\"menu-menu-principal\" class=\"elementskit-navbar-nav elementskit-menu-po-center submenu-click-on-icon\"><li id=\"menu-item-353\" class=\"menu-item menu-item-type-post_type menu-item-object-page menu-item-home menu-item-353 nav-item elementskit-mobile-builder-content\" data-vertical-menu=750px><a href=\"https:\/\/pixelcomputadores.com.br\/\" class=\"ekit-menu-nav-link\">In\u00edcio<\/a><\/li>\n<li id=\"menu-item-35\" class=\"menu-item menu-item-type-post_type menu-item-object-page menu-item-35 nav-item elementskit-mobile-builder-content\" data-vertical-menu=750px><a href=\"https:\/\/pixelcomputadores.com.br\/?page_id=27\" class=\"ekit-menu-nav-link\">Sobre<\/a><\/li>\n<li id=\"menu-item-34\" class=\"menu-item menu-item-type-post_type menu-item-object-page menu-item-34 nav-item elementskit-mobile-builder-content\" data-vertical-menu=750px><a href=\"https:\/\/pixelcomputadores.com.br\/?page_id=29\" class=\"ekit-menu-nav-link\">Servi\u00e7os<\/a><\/li>\n<li id=\"menu-item-33\" class=\"menu-item menu-item-type-post_type menu-item-object-page menu-item-33 nav-item elementskit-mobile-builder-content\" data-vertical-menu=750px><a href=\"https:\/\/pixelcomputadores.com.br\/?page_id=31\" class=\"ekit-menu-nav-link\">Contato<\/a><\/li>\n<\/ul><div class=\"elementskit-nav-identity-panel\"><a class=\"elementskit-nav-logo\" href=\"https:\/\/pixelcomputadores.com.br\" target=\"\" rel=\"\"><img src=\"\" title=\"\" alt=\"\" decoding=\"async\" \/><\/a><button class=\"elementskit-menu-close elementskit-menu-toggler\" type=\"button\">X<\/button><\/div><\/div>\t\t\t\n\t\t\t<div class=\"elementskit-menu-overlay elementskit-menu-offcanvas-elements elementskit-menu-toggler ekit-nav-menu--overlay\"><\/div>        <\/nav>\n\t\t\t\t\t\t<\/div>\n\t\t\t\t<\/div>\n\t\t\t\t<\/div>\n\t\t<div class=\"elementor-element elementor-element-855e5fd e-con-full e-flex e-con e-child\" data-id=\"855e5fd\" data-element_type=\"container\">\n\t\t\t\t<div class=\"elementor-element elementor-element-a2b4460 elementor-align-right elementor-widget elementor-widget-button\" data-id=\"a2b4460\" data-element_type=\"widget\" data-widget_type=\"button.default\">\n\t\t\t\t<div class=\"elementor-widget-container\">\n\t\t\t\t\t\t\t\t\t<div class=\"elementor-button-wrapper\">\n\t\t\t\t\t<a class=\"elementor-button elementor-button-link elementor-size-sm\" href=\"http:\/\/wa.me\/+555132802322\">\n\t\t\t\t\t\t<span class=\"elementor-button-content-wrapper\">\n\t\t\t\t\t\t\t\t\t<span class=\"elementor-button-text\">CHAMAR NO WHATSAPP<\/span>\n\t\t\t\t\t<\/span>\n\t\t\t\t\t<\/a>\n\t\t\t\t<\/div>\n\t\t\t\t\t\t\t\t<\/div>\n\t\t\t\t<\/div>\n\t\t\t\t<\/div>\n\t\t<div class=\"elementor-element elementor-element-175b766 e-con-full e-flex e-con e-child\" data-id=\"175b766\" data-element_type=\"container\">\n\t\t\t\t<div class=\"elementor-element elementor-element-2302912 elementor-align-right elementor-widget elementor-widget-button\" data-id=\"2302912\" data-element_type=\"widget\" data-widget_type=\"button.default\">\n\t\t\t\t<div class=\"elementor-widget-container\">\n\t\t\t\t\t\t\t\t\t<div class=\"elementor-button-wrapper\">\n\t\t\t\t\t<a class=\"elementor-button elementor-button-link elementor-size-sm\" href=\"https:\/\/download.teamviewer.com\/download\/version_11x\/TeamViewerQS_pt-idctwarugg.exe\">\n\t\t\t\t\t\t<span class=\"elementor-button-content-wrapper\">\n\t\t\t\t\t\t\t\t\t<span class=\"elementor-button-text\">ACESSO REMOTO<\/span>\n\t\t\t\t\t<\/span>\n\t\t\t\t\t<\/a>\n\t\t\t\t<\/div>\n\t\t\t\t\t\t\t\t<\/div>\n\t\t\t\t<\/div>\n\t\t\t\t<\/div>\n\t\t\t\t\t<\/div>\n\t\t\t\t<\/div>\n\t\t<div class=\"elementor-element elementor-element-b23b716 e-flex e-con-boxed e-con e-parent\" data-id=\"b23b716\" data-element_type=\"container\">\n\t\t\t\t\t<div class=\"e-con-inner\">\n\t\t\t\t<div class=\"elementor-element elementor-element-2b1672c elementor-widget elementor-widget-heading\" data-id=\"2b1672c\" data-element_type=\"widget\" data-widget_type=\"heading.default\">\n\t\t\t\t<div class=\"elementor-widget-container\">\n\t\t\t\t\t<h2 class=\"elementor-heading-title elementor-size-default\">Termos de Uso<\/h2>\t\t\t\t<\/div>\n\t\t\t\t<\/div>\n\t\t\t\t<div class=\"elementor-element elementor-element-ff532a0 elementor-widget elementor-widget-text-editor\" data-id=\"ff532a0\" data-element_type=\"widget\" data-widget_type=\"text-editor.default\">\n\t\t\t\t<div class=\"elementor-widget-container\">\n\t\t\t\t\t\t\t\t\t<p>Termos de Uso e Servi\u00e7o da Pixel Porto Alegre<\/p><p>Seja Bem-Vindo ao site da Pixel Porto Alegre. Antes de explorar tudo o que temos a oferecer, \u00e9 importante que voc\u00ea entenda e concorde com algumas regras b\u00e1sicas que regem o uso do nosso site https:\/\/pixelcomputadores.com.br\/, e qualquer outro servi\u00e7o digital que n\u00f3s oferecemos, como lojas e plataformas de e-commerce.<\/p><p>Ao usar nosso site e servi\u00e7os, voc\u00ea automaticamente concorda em seguir as regras que estabelecemos aqui. Caso n\u00e3o concorde com algo, por favor, considere n\u00e3o usar nossos servi\u00e7os. \u00c9 muito importante para n\u00f3s que voc\u00ea se sinta seguro e informado a todo momento.<\/p><p>1. Aceitando os Termos<\/p><p>Ao navegar e usar o site da Pixel Porto Alegre, voc\u00ea concorda automaticamente com nossas regras e condi\u00e7\u00f5es. Estamos sempre procurando melhorar, ent\u00e3o esses termos podem mudar de vez em quando. Se fizermos altera\u00e7\u00f5es significativas, vamos postar as atualiza\u00e7\u00f5es aqui no site. Continuar usando o site ap\u00f3s essas mudan\u00e7as significa que voc\u00ea aceita os novos termos.<\/p><p>2. Como Usar o Nosso Site<\/p><p>A maior parte do nosso site est\u00e1 aberta para voc\u00ea sem a necessidade de cadastro. No entanto, algumas se\u00e7\u00f5es especiais podem exigir que voc\u00ea crie uma conta. Pedimos que voc\u00ea seja honesto ao fornecer suas informa\u00e7\u00f5es e que mantenha sua senha e login seguros. Se decidir compartilhar algum conte\u00fado conosco, como coment\u00e1rios, por favor, fa\u00e7a-o de maneira respeitosa e dentro da lei.<\/p><p>3. Sua Privacidade<\/p><p>Na Pixel Porto Alegre, a privacidade \u00e9 um valor essencial. Ao interagir com nosso site, voc\u00ea aceita nossa Pol\u00edtica de Privacidade, que detalha nossa abordagem respons\u00e1vel e conforme \u00e0s leis para o manejo dos seus dados pessoais. Nosso compromisso \u00e9 com a transpar\u00eancia e a seguran\u00e7a: explicamos como coletamos, usamos e protegemos suas informa\u00e7\u00f5es, garantindo sua privacidade e oferecendo controle sobre seus dados.<\/p><p>Adotamos pr\u00e1ticas de seguran\u00e7a para proteger suas informa\u00e7\u00f5es contra acesso n\u00e3o autorizado e compartilhamento indevido, assegurando que qualquer coopera\u00e7\u00e3o com terceiros ocorra apenas com base na sua aprova\u00e7\u00e3o ou exig\u00eancias legais claras, reafirmando nosso comprometimento com a sua confian\u00e7a e seguran\u00e7a digital.<\/p><p>4. Direitos de Conte\u00fado<\/p><p>O conte\u00fado dispon\u00edvel no site da Pixel Porto Alegre, incluindo, mas n\u00e3o se limitando a, textos, imagens, ilustra\u00e7\u00f5es, designs, \u00edcones, fotografias, programas de computador, videoclipes e \u00e1udios, constitui propriedade intelectual protegida tanto pela legisla\u00e7\u00e3o nacional quanto por tratados internacionais sobre direitos autorais e propriedade industrial. Essa propriedade engloba n\u00e3o apenas materiais diretamente produzidos e publicados por n\u00f3s, mas tamb\u00e9m conte\u00fados que s\u00e3o utilizados sob licen\u00e7a ou permiss\u00e3o de terceiros, garantindo que todos os direitos sejam respeitados conforme as normativas vigentes.<\/p><p>Ao acessar nosso site, voc\u00ea recebe uma licen\u00e7a limitada, n\u00e3o exclusiva e revog\u00e1vel para visualizar e usar o conte\u00fado para fins pessoais e n\u00e3o comerciais. Isso implica que qualquer reprodu\u00e7\u00e3o, distribui\u00e7\u00e3o, transmiss\u00e3o ou modifica\u00e7\u00e3o do conte\u00fado, sem a devida autoriza\u00e7\u00e3o escrita da Pixel Porto Alegre, \u00e9 estritamente proibida. Tal restri\u00e7\u00e3o visa proteger os direitos de propriedade intelectual associados aos materiais disponibilizados, assegurando que sua utiliza\u00e7\u00e3o n\u00e3o infrinja os direitos dos criadores ou detentores desses direitos, al\u00e9m de promover um ambiente de respeito e valoriza\u00e7\u00e3o da criatividade e inova\u00e7\u00e3o.<\/p><p>5. Cookies e Mais<\/p><p>Utilizamos cookies para melhorar sua experi\u00eancia, coletando informa\u00e7\u00f5es an\u00f4nimas durante sua visita, como suas prefer\u00eancias de idioma, dura\u00e7\u00e3o da visita, p\u00e1ginas acessadas, e outras estat\u00edsticas de uso. Esses dados nos ajudam a personalizar seu conte\u00fado, otimizar a navega\u00e7\u00e3o, melhorar continuamente o site em design e funcionalidade, e garantir sua seguran\u00e7a online. Esta pr\u00e1tica \u00e9 essencial para nos permitir oferecer um servi\u00e7o mais ajustado \u00e0s suas necessidades e resolver qualquer problema que possa surgir mais rapidamente.<\/p><p>Se voc\u00ea preferir limitar ou recusar o uso de cookies, a configura\u00e7\u00e3o pode ser ajustada atrav\u00e9s do seu navegador. Isso pode afetar a sua experi\u00eancia no site, pois algumas funcionalidades dependem dos cookies para funcionar corretamente. Entendemos a import\u00e2ncia do controle sobre suas informa\u00e7\u00f5es e queremos que voc\u00ea saiba que, ao ajustar as configura\u00e7\u00f5es para bloquear cookies, algumas partes do nosso site podem n\u00e3o oferecer a experi\u00eancia completa pretendida.<\/p><p>6. Explorando Links Externos<\/p><p>Nosso site pode incluir links para sites externos que achamos que podem ser do seu interesse. Note que n\u00e3o temos controle sobre esses sites externos e, portanto, n\u00e3o somos respons\u00e1veis pelo seu conte\u00fado ou pol\u00edticas.<\/p><p>7. Mudan\u00e7as e Atualiza\u00e7\u00f5es<\/p><p>A evolu\u00e7\u00e3o \u00e9 parte de como operamos, o que significa que estes Termos de Uso podem passar por atualiza\u00e7\u00f5es para refletir melhor as mudan\u00e7as em nossos servi\u00e7os ou na legisla\u00e7\u00e3o. Sempre que isso acontecer, voc\u00ea encontrar\u00e1 a vers\u00e3o mais recente dispon\u00edvel aqui. Se as mudan\u00e7as forem significativas, faremos o poss\u00edvel para notific\u00e1-lo atrav\u00e9s dos meios de contato que voc\u00ea nos forneceu.<\/p><p>Continuar a acessar o site ap\u00f3s essas mudan\u00e7as indica que voc\u00ea concorda com os novos termos. Se, por qualquer motivo, voc\u00ea n\u00e3o concordar com as atualiza\u00e7\u00f5es, pedimos que n\u00e3o continue utilizando nosso site e servi\u00e7os.<\/p><p>D\u00favidas ou Coment\u00e1rios?<\/p><p>Se tiver d\u00favidas sobre estes termos, n\u00e3o hesite em nos contatar atrav\u00e9s do e-mail andreeduardodsgn@gmail.com.<\/p>\t\t\t\t\t\t\t\t<\/div>\n\t\t\t\t<\/div>\n\t\t\t\t<div class=\"elementor-element elementor-element-eb6e731 elementor-align-center elementor-widget elementor-widget-button\" data-id=\"eb6e731\" data-element_type=\"widget\" data-widget_type=\"button.default\">\n\t\t\t\t<div class=\"elementor-widget-container\">\n\t\t\t\t\t\t\t\t\t<div class=\"elementor-button-wrapper\">\n\t\t\t\t\t<a class=\"elementor-button elementor-button-link elementor-size-sm elementor-animation-grow\" href=\"https:\/\/pixelcomputadores.com.br\/\">\n\t\t\t\t\t\t<span class=\"elementor-button-content-wrapper\">\n\t\t\t\t\t\t\t\t\t<span class=\"elementor-button-text\">VOLTAR A P\u00c1GINA DE INICIAL<\/span>\n\t\t\t\t\t<\/span>\n\t\t\t\t\t<\/a>\n\t\t\t\t<\/div>\n\t\t\t\t\t\t\t\t<\/div>\n\t\t\t\t<\/div>\n\t\t\t\t\t<\/div>\n\t\t\t\t<\/div>\n\t\t\t\t<\/div>\n\t\t","protected":false},"excerpt":{"rendered":"<p>(51) 3227.1707 Av. Independ\u00eancia, 827 &#8211; Independ\u00eancia, Porto Alegre Facebook Instagram In\u00edcio Sobre Servi\u00e7os Contato X CHAMAR NO WHATSAPP ACESSO REMOTO Termos de Uso Termos de Uso e Servi\u00e7o da Pixel Porto Alegre Seja Bem-Vindo ao site da Pixel Porto Alegre. Antes de explorar tudo o que temos a oferecer, \u00e9 importante que voc\u00ea entenda [&hellip;]<\/p>\n","protected":false},"author":1,"featured_media":0,"parent":0,"menu_order":0,"comment_status":"closed","ping_status":"closed","template":"elementor_canvas","meta":{"_joinchat":[],"footnotes":""},"class_list":["post-480","page","type-page","status-publish","hentry"],"yoast_head":"<!-- This site is optimized with the Yoast SEO plugin v24.1 - https:\/\/yoast.com\/wordpress\/plugins\/seo\/ -->\n<title>Termos de uso - Pixel Porto Alegre<\/title>\n<meta name=\"robots\" content=\"index, follow, max-snippet:-1, max-image-preview:large, max-video-preview:-1\" \/>\n<link rel=\"canonical\" href=\"https:\/\/pixelcomputadores.com.br\/?page_id=480\" \/>\n<meta property=\"og:locale\" content=\"pt_BR\" \/>\n<meta property=\"og:type\" content=\"article\" \/>\n<meta property=\"og:title\" content=\"Termos de uso - Pixel Porto Alegre\" \/>\n<meta property=\"og:description\" content=\"(51) 3227.1707 Av. Independ\u00eancia, 827 &#8211; Independ\u00eancia, Porto Alegre Facebook Instagram In\u00edcio Sobre Servi\u00e7os Contato X CHAMAR NO WHATSAPP ACESSO REMOTO Termos de Uso Termos de Uso e Servi\u00e7o da Pixel Porto Alegre Seja Bem-Vindo ao site da Pixel Porto Alegre. Antes de explorar tudo o que temos a oferecer, \u00e9 importante que voc\u00ea entenda [&hellip;]\" \/>\n<meta property=\"og:url\" content=\"https:\/\/pixelcomputadores.com.br\/?page_id=480\" \/>\n<meta property=\"og:site_name\" content=\"Pixel Porto Alegre\" \/>\n<meta property=\"article:modified_time\" content=\"2025-03-11T02:31:19+00:00\" \/>\n<meta property=\"og:image\" content=\"http:\/\/pixelcomputadores.com.br\/wp-content\/uploads\/2024\/12\/Logo-Pagina-Inicial.png\" \/>\n<meta name=\"twitter:card\" content=\"summary_large_image\" \/>\n<meta name=\"twitter:label1\" content=\"Est. tempo de leitura\" \/>\n\t<meta name=\"twitter:data1\" content=\"6 minutos\" \/>\n<script type=\"application\/ld+json\" class=\"yoast-schema-graph\">{\"@context\":\"https:\/\/schema.org\",\"@graph\":[{\"@type\":\"WebPage\",\"@id\":\"https:\/\/pixelcomputadores.com.br\/?page_id=480\",\"url\":\"https:\/\/pixelcomputadores.com.br\/?page_id=480\",\"name\":\"Termos de uso - Pixel Porto Alegre\",\"isPartOf\":{\"@id\":\"https:\/\/pixelcomputadores.com.br\/#website\"},\"primaryImageOfPage\":{\"@id\":\"https:\/\/pixelcomputadores.com.br\/?page_id=480#primaryimage\"},\"image\":{\"@id\":\"https:\/\/pixelcomputadores.com.br\/?page_id=480#primaryimage\"},\"thumbnailUrl\":\"http:\/\/pixelcomputadores.com.br\/wp-content\/uploads\/2024\/12\/Logo-Pagina-Inicial.png\",\"datePublished\":\"2025-03-11T01:53:05+00:00\",\"dateModified\":\"2025-03-11T02:31:19+00:00\",\"breadcrumb\":{\"@id\":\"https:\/\/pixelcomputadores.com.br\/?page_id=480#breadcrumb\"},\"inLanguage\":\"pt-BR\",\"potentialAction\":[{\"@type\":\"ReadAction\",\"target\":[\"https:\/\/pixelcomputadores.com.br\/?page_id=480\"]}]},{\"@type\":\"ImageObject\",\"inLanguage\":\"pt-BR\",\"@id\":\"https:\/\/pixelcomputadores.com.br\/?page_id=480#primaryimage\",\"url\":\"http:\/\/pixelcomputadores.com.br\/wp-content\/uploads\/2024\/12\/Logo-Pagina-Inicial.png\",\"contentUrl\":\"http:\/\/pixelcomputadores.com.br\/wp-content\/uploads\/2024\/12\/Logo-Pagina-Inicial.png\"},{\"@type\":\"BreadcrumbList\",\"@id\":\"https:\/\/pixelcomputadores.com.br\/?page_id=480#breadcrumb\",\"itemListElement\":[{\"@type\":\"ListItem\",\"position\":1,\"name\":\"Home\",\"item\":\"https:\/\/pixelcomputadores.com.br\/\"},{\"@type\":\"ListItem\",\"position\":2,\"name\":\"Termos de uso\"}]},{\"@type\":\"WebSite\",\"@id\":\"https:\/\/pixelcomputadores.com.br\/#website\",\"url\":\"https:\/\/pixelcomputadores.com.br\/\",\"name\":\"Pixel Porto Alegre\",\"description\":\"\",\"potentialAction\":[{\"@type\":\"SearchAction\",\"target\":{\"@type\":\"EntryPoint\",\"urlTemplate\":\"https:\/\/pixelcomputadores.com.br\/?s={search_term_string}\"},\"query-input\":{\"@type\":\"PropertyValueSpecification\",\"valueRequired\":true,\"valueName\":\"search_term_string\"}}],\"inLanguage\":\"pt-BR\"}]}<\/script>\n<!-- \/ Yoast SEO plugin. -->","yoast_head_json":{"title":"Termos de uso - Pixel Porto Alegre","robots":{"index":"index","follow":"follow","max-snippet":"max-snippet:-1","max-image-preview":"max-image-preview:large","max-video-preview":"max-video-preview:-1"},"canonical":"https:\/\/pixelcomputadores.com.br\/?page_id=480","og_locale":"pt_BR","og_type":"article","og_title":"Termos de uso - Pixel Porto Alegre","og_description":"(51) 3227.1707 Av. Independ\u00eancia, 827 &#8211; Independ\u00eancia, Porto Alegre Facebook Instagram In\u00edcio Sobre Servi\u00e7os Contato X CHAMAR NO WHATSAPP ACESSO REMOTO Termos de Uso Termos de Uso e Servi\u00e7o da Pixel Porto Alegre Seja Bem-Vindo ao site da Pixel Porto Alegre. Antes de explorar tudo o que temos a oferecer, \u00e9 importante que voc\u00ea entenda [&hellip;]","og_url":"https:\/\/pixelcomputadores.com.br\/?page_id=480","og_site_name":"Pixel Porto Alegre","article_modified_time":"2025-03-11T02:31:19+00:00","og_image":[{"url":"http:\/\/pixelcomputadores.com.br\/wp-content\/uploads\/2024\/12\/Logo-Pagina-Inicial.png","type":"","width":"","height":""}],"twitter_card":"summary_large_image","twitter_misc":{"Est. tempo de leitura":"6 minutos"},"schema":{"@context":"https:\/\/schema.org","@graph":[{"@type":"WebPage","@id":"https:\/\/pixelcomputadores.com.br\/?page_id=480","url":"https:\/\/pixelcomputadores.com.br\/?page_id=480","name":"Termos de uso - Pixel Porto Alegre","isPartOf":{"@id":"https:\/\/pixelcomputadores.com.br\/#website"},"primaryImageOfPage":{"@id":"https:\/\/pixelcomputadores.com.br\/?page_id=480#primaryimage"},"image":{"@id":"https:\/\/pixelcomputadores.com.br\/?page_id=480#primaryimage"},"thumbnailUrl":"http:\/\/pixelcomputadores.com.br\/wp-content\/uploads\/2024\/12\/Logo-Pagina-Inicial.png","datePublished":"2025-03-11T01:53:05+00:00","dateModified":"2025-03-11T02:31:19+00:00","breadcrumb":{"@id":"https:\/\/pixelcomputadores.com.br\/?page_id=480#breadcrumb"},"inLanguage":"pt-BR","potentialAction":[{"@type":"ReadAction","target":["https:\/\/pixelcomputadores.com.br\/?page_id=480"]}]},{"@type":"ImageObject","inLanguage":"pt-BR","@id":"https:\/\/pixelcomputadores.com.br\/?page_id=480#primaryimage","url":"http:\/\/pixelcomputadores.com.br\/wp-content\/uploads\/2024\/12\/Logo-Pagina-Inicial.png","contentUrl":"http:\/\/pixelcomputadores.com.br\/wp-content\/uploads\/2024\/12\/Logo-Pagina-Inicial.png"},{"@type":"BreadcrumbList","@id":"https:\/\/pixelcomputadores.com.br\/?page_id=480#breadcrumb","itemListElement":[{"@type":"ListItem","position":1,"name":"Home","item":"https:\/\/pixelcomputadores.com.br\/"},{"@type":"ListItem","position":2,"name":"Termos de uso"}]},{"@type":"WebSite","@id":"https:\/\/pixelcomputadores.com.br\/#website","url":"https:\/\/pixelcomputadores.com.br\/","name":"Pixel Porto Alegre","description":"","potentialAction":[{"@type":"SearchAction","target":{"@type":"EntryPoint","urlTemplate":"https:\/\/pixelcomputadores.com.br\/?s={search_term_string}"},"query-input":{"@type":"PropertyValueSpecification","valueRequired":true,"valueName":"search_term_string"}}],"inLanguage":"pt-BR"}]}},"_links":{"self":[{"href":"https:\/\/pixelcomputadores.com.br\/index.php?rest_route=\/wp\/v2\/pages\/480","targetHints":{"allow":["GET"]}}],"collection":[{"href":"https:\/\/pixelcomputadores.com.br\/index.php?rest_route=\/wp\/v2\/pages"}],"about":[{"href":"https:\/\/pixelcomputadores.com.br\/index.php?rest_route=\/wp\/v2\/types\/page"}],"author":[{"embeddable":true,"href":"https:\/\/pixelcomputadores.com.br\/index.php?rest_route=\/wp\/v2\/users\/1"}],"replies":[{"embeddable":true,"href":"https:\/\/pixelcomputadores.com.br\/index.php?rest_route=%2Fwp%2Fv2%2Fcomments&post=480"}],"version-history":[{"count":16,"href":"https:\/\/pixelcomputadores.com.br\/index.php?rest_route=\/wp\/v2\/pages\/480\/revisions"}],"predecessor-version":[{"id":518,"href":"https:\/\/pixelcomputadores.com.br\/index.php?rest_route=\/wp\/v2\/pages\/480\/revisions\/518"}],"wp:attachment":[{"href":"https:\/\/pixelcomputadores.com.br\/index.php?rest_route=%2Fwp%2Fv2%2Fmedia&parent=480"}],"curies":[{"name":"wp","href":"https:\/\/api.w.org\/{rel}","templated":true}]}}